
{"id":1109,"date":"2025-04-09T16:40:27","date_gmt":"2025-04-09T15:40:27","guid":{"rendered":"https:\/\/advancispharma.com\/?page_id=1109"},"modified":"2025-05-06T15:11:41","modified_gmt":"2025-05-06T14:11:41","slug":"politica-cookies","status":"publish","type":"page","link":"https:\/\/advancispharma.com\/pt\/politica-cookies\/","title":{"rendered":"Pol\u00edtica de Cookies"},"content":{"rendered":"<p>Na\u00a0<a href=\"https:\/\/www.advancispharma.com\/en\/\"><strong>Advancis<\/strong><\/a>\u00a0uma marca detida pela FARMODI\u00c9TICA S.A. (\u201c<strong>N\u00f3s<\/strong>\u201c, \u201c<strong>nos<\/strong>\u201d,<strong>\u201cnosso<\/strong>\u201c), esfor\u00e7amo-nos por \u00a0honrar a privacidade e seguran\u00e7a de quaisquer dados que recolhemos dos visitantes que usam o nosso website, enquanto Respons\u00e1vel pelo Tratamento de Dados Pessoais, de acordo com as regras e regulamentos de prote\u00e7\u00e3o de dados vigentes.<\/p>\n<p>O nosso website utiliza cookies, em combina\u00e7\u00e3o com pixels, objetos de armazenamento locais e dispositivos similares (coletivamente, \u201ccookies\u201d salvo indica\u00e7\u00e3o em contr\u00e1rio) para o distinguir de outros utilizadores do website.\u00a0 Isto ajuda-nos a proporcionar-lhe uma boa experi\u00eancia, melhorar o nosso servi\u00e7o e personalizar an\u00fancios e conte\u00fados para si enquanto utiliza o website.<\/p>\n<p>Esta pol\u00edtica de cookies (\u201c<strong>Pol\u00edtica de Cookies<\/strong>\u201c) descreve os tipos de cookies que utilizamos no site e as finalidades para a sua utiliza\u00e7\u00e3o.<\/p>\n<p>Se tiver d\u00favidas relativas a esta Pol\u00edtica, contacte-nos\u00a0<a href=\"mailto:dados@farmodietica.com\">dados@farmodietica.com<\/a>\u00a0. Para uma descri\u00e7\u00e3o mais completa e lista dos cookies que utilizamos atualmente no website, por favor reveja a nossa Lista de Cookies na sec\u00e7\u00e3o 5 \u00a0deste documento. Para mais informa\u00e7\u00f5es sobre a nossa politica de privacidade, por favor consulte a nossa\u00a0<a href=\"https:\/\/www.advancispharma.com\/politica-de-privacidade\/\">pol\u00edtica de privacidade.<\/a>\u00a0Se tiver alguma d\u00favida ou coment\u00e1rio relacionados com privacidade de dados, por favor contacte-nos em \u00a0<a href=\"mailto:dados@farmodietica.com\">dados@farmodietica.com<\/a>.<\/p>\n<p>Por favor leia esta pol\u00edtica cuidadosamente para mais detalhes sobre \u00a0a forma como recolhemos e utilizamos cookies e as informa\u00e7\u00f5es que recolhidas sobre si.<\/p>\n<h1>1.Defini\u00e7\u00e3o de Cookie<\/h1>\n<p>O cookie \u00e9 um pequeno ficheiro de arquivo de texto, por vezes encriptado, que armazena defini\u00e7\u00f5es da Internet. \u00c9 transferido para o seu navegador na primeira vez que visita um website. Na pr\u00f3xima vez que o visitar, a partir do mesmo dispositivo, o cookie e as informa\u00e7\u00f5es nele contidas ser\u00e3o reenviados para o website de origem (<strong><em>cookies prim\u00e1rios<\/em><\/strong>) ou para outro website ao qual perten\u00e7a (<strong><em>cookies de terceiros<\/em><\/strong>). Desta forma, o website pode detetar se j\u00e1 foi visitado atrav\u00e9s desse navegador e, em alguns casos, adaptar o conte\u00fado exibido.<\/p>\n<p><strong><em>Cookies Prim\u00e1rios ou de Terceiros:\u00a0<\/em><\/strong>um cookie ser<em>\u00a0\u2018prim\u00e1rio\u2019\u00a0<\/em>ou de<em>\u00a0\u2018terceiros\u2019<\/em>, depender\u00e1 do dom\u00ednio que coloca o cookie no dispositivo.<\/p>\n<ol>\n<li><em>Cookies prim\u00e1rios\u00a0<\/em>s\u00e3o aqueles que s\u00e3o colocados pelo website que est\u00e1 ser visitado pelo utilizador (i.e s\u00e3o colocadas pelo dom\u00ednio do nosso website)<em>;<\/em><\/li>\n<li><em>Cookies de terceiros\u00a0<\/em>s\u00e3o cookies colocados no seu navegador por um dom\u00ednio que n\u00e3o o do website que est\u00e1 a ser visitado pelo utilizador. Se um utilizador visita um website e uma outra entidade coloca um cookie atrav\u00e9s desse website, estamos perante um cookie de uma terceira parte.<\/li>\n<\/ol>\n<p><strong><em>Cookies Persistentes:\u00a0<\/em><\/strong>estes cookies ficam retidos pelo site e s\u00e3o utilizados sempre que o volta a visitar. Geralmente s\u00e3o utilizados para direcionar a navega\u00e7\u00e3o de acordo com os interesses do utilizador, permitindo-nos prestar um servi\u00e7o mais personalizado.<\/p>\n<p><strong><em>Cookies de Sess\u00e3o:\u00a0<\/em><\/strong>dizem respeito a cookies que s\u00e3o utilizados apenas durante uma sess\u00e3o online, e que s\u00e3o eliminados assim que deixa o site. S\u00e3o por isso tempor\u00e1rios sendo eliminados assim que fecha o navegador. A informa\u00e7\u00e3o obtida, permite identificar problemas e fornecer uma melhor experi\u00eancia de navega\u00e7\u00e3o.<\/p>\n<p>Quer os cookies de sess\u00e3o quer os persistentes, podem ser apagados por si a qualquer momento, atrav\u00e9s das defini\u00e7\u00f5es do seu navegador.<\/p>\n<h1>2.Que cookies utilizamos e com que finalidade?<\/h1>\n<p>De uma forma geral, um website utiliza cookies para o distinguir de outros utilizadores desse mesmo website. S\u00e3o por isso muito \u00fateis, porque nos ajuda a melhorar a sua experi\u00eancia ao voltar a um website que j\u00e1 visitou. Os cookies ir\u00e3o recordar-se das suas prefer\u00eancias, saber\u00e3o como usa o website e adaptar\u00e3o o conte\u00fado exibido para que seja mais relevante para os seus interesses e necessidades pessoais.<\/p>\n<p>Ajudam-nos tamb\u00e9m a organizar o website ou as informa\u00e7\u00f5es dos nossos produtos e como tornar essas informa\u00e7\u00f5es mais adaptadas relativamente aos interesses ou prefer\u00eancias do utilizador. Os cookies permitem-nos saber quem visitou, quais p\u00e1ginas e que conte\u00fados, avaliar a frequ\u00eancia das visitas a certas p\u00e1ginas, determinar quais as \u00e1reas favoritas do website e orientar a utiliza\u00e7\u00e3o geral deste.<\/p>\n<p>Dependendo da sua fun\u00e7\u00e3o e da sua finalidade, os cookies podem ser divididos em quatro categorias:<\/p>\n<ol>\n<li>Cookies essenciais<\/li>\n<li>Cookies de Performance<\/li>\n<li>Cookies de Funcionalidade<\/li>\n<li>Cookies para fins Marketing \/<em>Targeting<\/em><\/li>\n<\/ol>\n<p><strong><em>Cookies<\/em><\/strong>\u00a0<strong><em>Essenciais:<\/em><\/strong>\u00a0s\u00e3o necess\u00e1rios para que consiga navegar no website e utilizar as suas funcionalidades. Sem estes cookies as funcionalidades do website n\u00e3o podem ser asseguradas, tal como aceder a \u00e1reas seguras do website atrav\u00e9s de login. Sem estes cookies, os servi\u00e7os que o exijam n\u00e3o podem ser prestados. O seu consentimento n\u00e3o \u00e9 exigido para a utiliza\u00e7\u00e3o desta categoria de cookies.<\/p>\n<p><em>Utilizamos cookies essenciais para:<\/em><\/p>\n<ul>\n<li>O identificar e autenticar no nosso website<\/li>\n<li>Garantir que se liga ao servi\u00e7o correto quando fazemos atualiza\u00e7\u00f5es \u00e0 forma como o website funciona<\/li>\n<li>Por quest\u00f5es de seguran\u00e7a<\/li>\n<\/ul>\n<p><strong><em>Cookies<\/em><\/strong>\u00a0<strong><em>de Performance<\/em><\/strong>: recolhem informa\u00e7\u00e3o acerca da forma como o website \u00e9 utilizado \u2013 por exemplo quais as p\u00e1ginas que um utilizador visita mais frequentemente ou se recebe mensagens de erro de uma p\u00e1gina. Estes cookies n\u00e3o armazenam qualquer informa\u00e7\u00e3o que permita a identifica\u00e7\u00e3o do utilizador. A informa\u00e7\u00e3o recolhida \u00e9 agregada e an\u00f3nima. Estes cookies s\u00e3o utilizados exclusivamente para melhorar o desempenho de um website e, consequentemente, a experi\u00eancia dos seus utilizadores.<\/p>\n<p><em>Utilizamos cookies de performance para:<\/em><\/p>\n<ul>\n<li>An\u00e1lise estat\u00edstica do website: estat\u00edsticas sobre como o website \u00e9 utilizado;<\/li>\n<li>Monotoriza\u00e7\u00e3o \u2018por afinidade\u2019: obter feedback a entidades associadas de que um dos nossos visitantes tamb\u00e9m visitou o seu website;<\/li>\n<li>Obter dados sobre o n\u00famero de utilizadores do website que visualizaram um produto ou servi\u00e7o;<\/li>\n<li>Ajudar-nos a melhorar o website medindo e identificando erros que possam ocorrer;<\/li>\n<li>Testar diferentes designs do website.<\/li>\n<\/ul>\n<p>Alguns dos nossos cookies de performance podem ser geridos por terceiras partes.<\/p>\n<p><strong><em>Cookies<\/em><\/strong>\u00a0<strong><em>de Funcionalidade:<\/em><\/strong>\u00a0s\u00e3o utilizados para nos permitir relembrar as prefer\u00eancias do utilizador. Por exemplo, os cookies evitam digitar o nome do utilizador cada vez que este acede ao site. Em resumo, os cookies de funcionalidade guardam as prefer\u00eancias do utilizador relativamente \u00e0 utiliza\u00e7\u00e3o do website, de forma que n\u00e3o seja necess\u00e1rio voltar a configur\u00e1-lo de cada vez que o visita.<\/p>\n<p><em>Utilizamos cookies de funcionalidade para:<\/em><\/p>\n<ul>\n<li>Relembrar os seus settings e prefer\u00eancias, como layout, cores, prefer\u00eancia lingu\u00edstica etc;<\/li>\n<li>Relembrar se j\u00e1 lhe pedimos para preencher um survey;<\/li>\n<li>Mostar-lhe quando est\u00e1 registado\/\u2018logged\u2019 no website;<\/li>\n<li>Para mostar conte\u00fados de video (quando disponibilizados).<\/li>\n<\/ul>\n<p>Alguns destes cookies podem ser geridos por terceiras partes.<\/p>\n<p><strong><em>Cookies<\/em><\/strong>\u00a0<strong><em>para fins Marketing \/Targeting:<\/em><\/strong>\u00a0servem para direcionar a publicidade em fun\u00e7\u00e3o dos interesses de cada utilizador, permitindo limitar o n\u00famero de vezes de visualiza\u00e7\u00e3o do an\u00fancio. Estes cookies ajudam a medir a efic\u00e1cia da publicidade. No entanto, n\u00e3o identificam o utilizador. Esta informa\u00e7\u00e3o pode ser partilhada com terceiros, por exemplo anunciantes. Os cookies para fins de marketing est\u00e3o frequentemente ligados a funcionalidades de p\u00e1ginas de terceiros.<\/p>\n<p><em>Poderemos utilizar os cookies de marketing para:<\/em><\/p>\n<ul>\n<li>Personalizar\u00a0 publicidade em fun\u00e7\u00e3o dos seus interesses no website;<\/li>\n<li>Para melhorar a forma como entregamos publicidade e para medir o sucesso das nossas campanhas online.<\/li>\n<\/ul>\n<h1>3.Quando necessitamos do seu consentimento<\/h1>\n<p>Pediremos o seu consentimento antes colocar qualquer cookie no seu dispositivo, sempre que tal seja necess\u00e1rio. Pode dar-nos o seu consentimento clicando na op\u00e7\u00e3o que surge no \u2018banner\u2019 no canto inferior do seu ecr\u00e3. Se decidir n\u00e3o nos dar o seu consentimento ou se pretender retirar o seu consentimento a algum dos cookies, ser-lhe-\u00e3o apenas disponibilizadas as funcionalidades do nosso website em que consigamos garantir a utiliza\u00e7\u00e3o, sem a utiliza\u00e7\u00e3o de cookies destas categorias.<\/p>\n<p>No ponto 5 desta Pol\u00edtica encontra mais detalhes sobre como gerir os seus cookies, incluindo como apagar, bloquear ou desativar cookies. Relembramos no entanto, que a desativa\u00e7\u00e3o e\/ou bloqueio dos cookies pode impedir que alguns servi\u00e7os funcionem corretamente, afetando, parcial ou totalmente, a navega\u00e7\u00e3o do website e o acesso a certas funcionalidades.<\/p>\n<h1>4.Como gerir os Cookies<\/h1>\n<p>A maioria dos navegadores permitem algum controlo sobre os cookies atrav\u00e9s da gest\u00e3o das configura\u00e7\u00f5es do navegador. No entanto, se escolher bloquear todos os cookies (incluindo os cookies essenciais \u2013 neste caso, poder\u00e1\u00a0<strong><em>n\u00e3o conseguir aceder a algumas partes do website)<\/em><\/strong>.<\/p>\n<p>Salvo se ajustar as configura\u00e7\u00f5es do seu navegador para recusa de cookies, estas ser\u00e3o ativadas pelo nosso sistema, sempre que aceda ao nosso website.<\/p>\n<p><strong><em>Gerir configura\u00e7\u00f5es de Cookies.\u00a0\u00a0<\/em><\/strong>Pode gerir os seus cookies, atrav\u00e9s das configura\u00e7\u00f5es do seu navegador, normalmente dispon\u00edveis atrav\u00e9s do menu \u2018op\u00e7\u00f5es\u2019 ou \u2018prefer\u00eancias\u2019. Os seguintes links ajudam-no a melhor entender as configura\u00e7\u00f5es dispon\u00edveis para alguns navegadores. O menu \u2018Help\u2019 do seu navegador completa estas informa\u00e7\u00f5es.<\/p>\n<ul>\n<li><a href=\"https:\/\/support.microsoft.com\/en-us\/help\/17442\/windows-internet-explorer-delete-manage-cookies\">Configura\u00e7\u00f5es Cookies no Internet Explorer<\/a><\/li>\n<li><a href=\"https:\/\/support.mozilla.org\/en-US\/kb\/enable-and-disable-cookies-website-preferences\">Configura\u00e7\u00f5es Cookies no Firefox<\/a><\/li>\n<li><a href=\"https:\/\/support.google.com\/chrome\/answer\/95647?hl=en\">Configura\u00e7\u00f5es Cookies no Chrome<\/a><\/li>\n<li><a href=\"https:\/\/support.apple.com\/kb\/ph21411?locale=en_US\">Configura\u00e7\u00f5es Cookies no Safari<\/a><\/li>\n<\/ul>\n<p><strong><em>Mais Informa\u00e7\u00f5es<\/em><\/strong>. Para mais informa\u00e7\u00f5es sobre cookies, incluindo a configura\u00e7\u00e3o do seu browser para rejeitar cookies, visite\u00a0<a href=\"http:\/\/www.allaboutcookies.org\/\">www.allaboutcookies.org<\/a>.<\/p>\n<h1>5.Lista de Cookies<\/h1>\n<p><a href=\"https:\/\/advancispharma.com\/wp-content\/uploads\/2025\/05\/tabela-cookies.png\"><img loading=\"lazy\" decoding=\"async\" class=\"alignnone wp-image-7005\" src=\"https:\/\/advancispharma.com\/wp-content\/uploads\/2025\/05\/tabela-cookies.png\" sizes=\"auto, (max-width: 481px) 100vw, 481px\" srcset=\"https:\/\/advancispharma.com\/wp-content\/uploads\/2025\/05\/tabela-cookies.png 237w, https:\/\/advancispharma.com\/wp-content\/uploads\/2025\/05\/tabela-cookies.png 653w\" alt=\"\" width=\"481\" height=\"609\" \/><\/a><\/p>\n<p><em>Esta tabela informativa pode ocasionalmente n\u00e3o incluir um cookie, etiqueta ou dispositivo semelhante em consequ\u00eancia de atualiza\u00e7\u00e3o, embora se trate sempre de dispositivos com prop\u00f3sitos id\u00eanticos aos contidos nesta tabela.<\/em><\/p>\n<h1><strong>6.<\/strong><strong>Contacte-nos<\/strong><\/h1>\n<p>Para qualquer d\u00favida ou quest\u00e3o, pode contactar-nos atrav\u00e9s do email:\u00a0<a href=\"mailto:dados@farmodietica.com\">dados@farmodietica.com<\/a><\/p>\n","protected":false},"excerpt":{"rendered":"<p>Na\u00a0Advancis\u00a0uma marca detida pela FARMODI\u00c9TICA S.A. (\u201cN\u00f3s\u201c, \u201cnos\u201d,\u201cnosso\u201c), esfor\u00e7amo-nos por \u00a0honrar a privacidade e seguran\u00e7a [&hellip;]<\/p>\n","protected":false},"author":8,"featured_media":0,"parent":0,"menu_order":0,"comment_status":"closed","ping_status":"closed","template":"","meta":{"_acf_changed":false,"footnotes":""},"class_list":["post-1109","page","type-page","status-publish","hentry"],"acf":[],"yoast_head":"<!-- This site is optimized with the Yoast SEO plugin v19.5.1 - https:\/\/yoast.com\/wordpress\/plugins\/seo\/ -->\n<title>Pol\u00edtica de Cookies - Advancis<\/title>\n<meta name=\"robots\" content=\"index, follow, max-snippet:-1, max-image-preview:large, max-video-preview:-1\" \/>\n<link rel=\"canonical\" href=\"https:\/\/advancispharma.com\/pt\/politica-cookies\/\" \/>\n<meta property=\"og:locale\" content=\"pt_PT\" \/>\n<meta property=\"og:type\" content=\"article\" \/>\n<meta property=\"og:title\" content=\"Pol\u00edtica de Cookies - Advancis\" \/>\n<meta property=\"og:description\" content=\"Na\u00a0Advancis\u00a0uma marca detida pela FARMODI\u00c9TICA S.A. (\u201cN\u00f3s\u201c, \u201cnos\u201d,\u201cnosso\u201c), esfor\u00e7amo-nos por \u00a0honrar a privacidade e seguran\u00e7a [&hellip;]\" \/>\n<meta property=\"og:url\" content=\"https:\/\/advancispharma.com\/pt\/politica-cookies\/\" \/>\n<meta property=\"og:site_name\" content=\"Advancis\" \/>\n<meta property=\"article:modified_time\" content=\"2025-05-06T14:11:41+00:00\" \/>\n<meta property=\"og:image\" content=\"https:\/\/advancispharma.com\/wp-content\/uploads\/2025\/05\/tabela-cookies.png\" \/>\n<meta name=\"twitter:card\" content=\"summary_large_image\" \/>\n<meta name=\"twitter:label1\" content=\"Tempo estimado de leitura\" \/>\n\t<meta name=\"twitter:data1\" content=\"9 minutos\" \/>\n<script type=\"application\/ld+json\" class=\"yoast-schema-graph\">{\"@context\":\"https:\/\/schema.org\",\"@graph\":[{\"@type\":\"WebPage\",\"@id\":\"https:\/\/advancispharma.com\/politica-cookies\/\",\"url\":\"https:\/\/advancispharma.com\/politica-cookies\/\",\"name\":\"Pol\u00edtica de Cookies - Advancis\",\"isPartOf\":{\"@id\":\"https:\/\/advancispharma.com\/#website\"},\"datePublished\":\"2025-04-09T15:40:27+00:00\",\"dateModified\":\"2025-05-06T14:11:41+00:00\",\"breadcrumb\":{\"@id\":\"https:\/\/advancispharma.com\/politica-cookies\/#breadcrumb\"},\"inLanguage\":\"pt-PT\",\"potentialAction\":[{\"@type\":\"ReadAction\",\"target\":[\"https:\/\/advancispharma.com\/politica-cookies\/\"]}]},{\"@type\":\"BreadcrumbList\",\"@id\":\"https:\/\/advancispharma.com\/politica-cookies\/#breadcrumb\",\"itemListElement\":[{\"@type\":\"ListItem\",\"position\":1,\"name\":\"Home\",\"item\":\"https:\/\/advancispharma.com\/\"},{\"@type\":\"ListItem\",\"position\":2,\"name\":\"Pol\u00edtica de Cookies\"}]},{\"@type\":\"WebSite\",\"@id\":\"https:\/\/advancispharma.com\/#website\",\"url\":\"https:\/\/advancispharma.com\/\",\"name\":\"Advancis\",\"description\":\"\",\"potentialAction\":[{\"@type\":\"SearchAction\",\"target\":{\"@type\":\"EntryPoint\",\"urlTemplate\":\"https:\/\/advancispharma.com\/?s={search_term_string}\"},\"query-input\":\"required name=search_term_string\"}],\"inLanguage\":\"pt-PT\"}]}<\/script>\n<!-- \/ Yoast SEO plugin. -->","yoast_head_json":{"title":"Pol\u00edtica de Cookies - Advancis","robots":{"index":"index","follow":"follow","max-snippet":"max-snippet:-1","max-image-preview":"max-image-preview:large","max-video-preview":"max-video-preview:-1"},"canonical":"https:\/\/advancispharma.com\/pt\/politica-cookies\/","og_locale":"pt_PT","og_type":"article","og_title":"Pol\u00edtica de Cookies - Advancis","og_description":"Na\u00a0Advancis\u00a0uma marca detida pela FARMODI\u00c9TICA S.A. (\u201cN\u00f3s\u201c, \u201cnos\u201d,\u201cnosso\u201c), esfor\u00e7amo-nos por \u00a0honrar a privacidade e seguran\u00e7a [&hellip;]","og_url":"https:\/\/advancispharma.com\/pt\/politica-cookies\/","og_site_name":"Advancis","article_modified_time":"2025-05-06T14:11:41+00:00","og_image":[{"url":"https:\/\/advancispharma.com\/wp-content\/uploads\/2025\/05\/tabela-cookies.png"}],"twitter_card":"summary_large_image","twitter_misc":{"Tempo estimado de leitura":"9 minutos"},"schema":{"@context":"https:\/\/schema.org","@graph":[{"@type":"WebPage","@id":"https:\/\/advancispharma.com\/politica-cookies\/","url":"https:\/\/advancispharma.com\/politica-cookies\/","name":"Pol\u00edtica de Cookies - Advancis","isPartOf":{"@id":"https:\/\/advancispharma.com\/#website"},"datePublished":"2025-04-09T15:40:27+00:00","dateModified":"2025-05-06T14:11:41+00:00","breadcrumb":{"@id":"https:\/\/advancispharma.com\/politica-cookies\/#breadcrumb"},"inLanguage":"pt-PT","potentialAction":[{"@type":"ReadAction","target":["https:\/\/advancispharma.com\/politica-cookies\/"]}]},{"@type":"BreadcrumbList","@id":"https:\/\/advancispharma.com\/politica-cookies\/#breadcrumb","itemListElement":[{"@type":"ListItem","position":1,"name":"Home","item":"https:\/\/advancispharma.com\/"},{"@type":"ListItem","position":2,"name":"Pol\u00edtica de Cookies"}]},{"@type":"WebSite","@id":"https:\/\/advancispharma.com\/#website","url":"https:\/\/advancispharma.com\/","name":"Advancis","description":"","potentialAction":[{"@type":"SearchAction","target":{"@type":"EntryPoint","urlTemplate":"https:\/\/advancispharma.com\/?s={search_term_string}"},"query-input":"required name=search_term_string"}],"inLanguage":"pt-PT"}]}},"_links":{"self":[{"href":"https:\/\/advancispharma.com\/pt\/wp-json\/wp\/v2\/pages\/1109","targetHints":{"allow":["GET"]}}],"collection":[{"href":"https:\/\/advancispharma.com\/pt\/wp-json\/wp\/v2\/pages"}],"about":[{"href":"https:\/\/advancispharma.com\/pt\/wp-json\/wp\/v2\/types\/page"}],"author":[{"embeddable":true,"href":"https:\/\/advancispharma.com\/pt\/wp-json\/wp\/v2\/users\/8"}],"replies":[{"embeddable":true,"href":"https:\/\/advancispharma.com\/pt\/wp-json\/wp\/v2\/comments?post=1109"}],"version-history":[{"count":3,"href":"https:\/\/advancispharma.com\/pt\/wp-json\/wp\/v2\/pages\/1109\/revisions"}],"predecessor-version":[{"id":1606,"href":"https:\/\/advancispharma.com\/pt\/wp-json\/wp\/v2\/pages\/1109\/revisions\/1606"}],"wp:attachment":[{"href":"https:\/\/advancispharma.com\/pt\/wp-json\/wp\/v2\/media?parent=1109"}],"curies":[{"name":"wp","href":"https:\/\/api.w.org\/{rel}","templated":true}]}}