
{"id":56,"date":"2024-06-05T11:46:07","date_gmt":"2024-06-05T11:46:07","guid":{"rendered":""},"modified":"2026-04-03T13:00:06","modified_gmt":"2026-04-03T13:00:06","slug":"omegamousse-200-mililitros","status":"publish","type":"product","link":"https:\/\/advancispharma.com\/en\/products\/omegamousse-200-mililitros\/","title":{"rendered":"Advancis<sup>\u00ae<\/sup> Omegamousse 200 mililitros"},"content":{"rendered":"","protected":false},"featured_media":812,"parent":0,"template":"","gama":[25],"tipo-de-produto":[37],"faixa-etaria":[39],"necessidade":[55],"cuidado-especifico":[246],"class_list":["post-56","product","type-product","status-publish","has-post-thumbnail","hentry","gama-omega","tipo-de-produto-suplementos-alimentares","faixa-etaria-infantil-junior","necessidade-omega-3","cuidado-especifico-desenvolvimento-cognitivo"],"acf":[],"yoast_head":"<!-- This site is optimized with the Yoast SEO plugin v19.5.1 - https:\/\/yoast.com\/wordpress\/plugins\/seo\/ -->\n<title>Advancis\u00ae Omegamousse 200 mililitros - Advancis<\/title>\n<meta name=\"description\" content=\"Advancis\u00ae Omegamousse \u00e9 um suplemento alimentar sob a forma de emuls\u00e3o, composto por \u00e1cidos gordos essenciais \u00f3mega-3\" \/>\n<meta name=\"robots\" content=\"index, follow, max-snippet:-1, max-image-preview:large, max-video-preview:-1\" \/>\n<link rel=\"canonical\" href=\"https:\/\/advancispharma.com\/en\/products\/omegamousse-200-mililitros\/\" \/>\n<meta property=\"og:locale\" content=\"en_US\" \/>\n<meta property=\"og:type\" content=\"article\" \/>\n<meta property=\"og:title\" content=\"Advancis\u00ae Omegamousse 200 mililitros - Advancis\" \/>\n<meta property=\"og:description\" content=\"Advancis\u00ae Omegamousse \u00e9 um suplemento alimentar sob a forma de emuls\u00e3o, composto por \u00e1cidos gordos essenciais \u00f3mega-3\" \/>\n<meta property=\"og:url\" content=\"https:\/\/advancispharma.com\/en\/products\/omegamousse-200-mililitros\/\" \/>\n<meta property=\"og:site_name\" content=\"Advancis\" \/>\n<meta property=\"article:modified_time\" content=\"2026-04-03T13:00:06+00:00\" \/>\n<meta property=\"og:image\" content=\"https:\/\/advancispharma.com\/wp-content\/uploads\/2025\/01\/ADV_Advancis-OmegaMousse-200ml.png\" \/>\n\t<meta property=\"og:image:width\" content=\"557\" \/>\n\t<meta property=\"og:image:height\" content=\"557\" \/>\n\t<meta property=\"og:image:type\" content=\"image\/png\" \/>\n<meta name=\"twitter:card\" content=\"summary_large_image\" \/>\n<script type=\"application\/ld+json\" class=\"yoast-schema-graph\">{\"@context\":\"https:\/\/schema.org\",\"@graph\":[{\"@type\":\"WebPage\",\"@id\":\"https:\/\/advancispharma.com\/products\/omegamousse-200-mililitros\/\",\"url\":\"https:\/\/advancispharma.com\/products\/omegamousse-200-mililitros\/\",\"name\":\"Advancis\u00ae Omegamousse 200 mililitros - Advancis\",\"isPartOf\":{\"@id\":\"https:\/\/advancispharma.com\/#website\"},\"datePublished\":\"2024-06-05T11:46:07+00:00\",\"dateModified\":\"2026-04-03T13:00:06+00:00\",\"description\":\"Advancis\u00ae Omegamousse \u00e9 um suplemento alimentar sob a forma de emuls\u00e3o, composto por \u00e1cidos gordos essenciais \u00f3mega-3\",\"breadcrumb\":{\"@id\":\"https:\/\/advancispharma.com\/products\/omegamousse-200-mililitros\/#breadcrumb\"},\"inLanguage\":\"en-US\",\"potentialAction\":[{\"@type\":\"ReadAction\",\"target\":[\"https:\/\/advancispharma.com\/products\/omegamousse-200-mililitros\/\"]}]},{\"@type\":\"BreadcrumbList\",\"@id\":\"https:\/\/advancispharma.com\/products\/omegamousse-200-mililitros\/#breadcrumb\",\"itemListElement\":[{\"@type\":\"ListItem\",\"position\":1,\"name\":\"Home\",\"item\":\"https:\/\/advancispharma.com\/\"},{\"@type\":\"ListItem\",\"position\":2,\"name\":\"Products\",\"item\":\"https:\/\/advancispharma.com\/products\/\"},{\"@type\":\"ListItem\",\"position\":3,\"name\":\"Advancis\u00ae Omegamousse 200 mililitros\"}]},{\"@type\":\"WebSite\",\"@id\":\"https:\/\/advancispharma.com\/#website\",\"url\":\"https:\/\/advancispharma.com\/\",\"name\":\"Advancis\",\"description\":\"\",\"potentialAction\":[{\"@type\":\"SearchAction\",\"target\":{\"@type\":\"EntryPoint\",\"urlTemplate\":\"https:\/\/advancispharma.com\/?s={search_term_string}\"},\"query-input\":\"required name=search_term_string\"}],\"inLanguage\":\"en-US\"}]}<\/script>\n<!-- \/ Yoast SEO plugin. -->","yoast_head_json":{"title":"Advancis\u00ae Omegamousse 200 mililitros - Advancis","description":"Advancis\u00ae Omegamousse \u00e9 um suplemento alimentar sob a forma de emuls\u00e3o, composto por \u00e1cidos gordos essenciais \u00f3mega-3","robots":{"index":"index","follow":"follow","max-snippet":"max-snippet:-1","max-image-preview":"max-image-preview:large","max-video-preview":"max-video-preview:-1"},"canonical":"https:\/\/advancispharma.com\/en\/products\/omegamousse-200-mililitros\/","og_locale":"en_US","og_type":"article","og_title":"Advancis\u00ae Omegamousse 200 mililitros - Advancis","og_description":"Advancis\u00ae Omegamousse \u00e9 um suplemento alimentar sob a forma de emuls\u00e3o, composto por \u00e1cidos gordos essenciais \u00f3mega-3","og_url":"https:\/\/advancispharma.com\/en\/products\/omegamousse-200-mililitros\/","og_site_name":"Advancis","article_modified_time":"2026-04-03T13:00:06+00:00","og_image":[{"width":557,"height":557,"url":"https:\/\/advancispharma.com\/wp-content\/uploads\/2025\/01\/ADV_Advancis-OmegaMousse-200ml.png","type":"image\/png"}],"twitter_card":"summary_large_image","schema":{"@context":"https:\/\/schema.org","@graph":[{"@type":"WebPage","@id":"https:\/\/advancispharma.com\/products\/omegamousse-200-mililitros\/","url":"https:\/\/advancispharma.com\/products\/omegamousse-200-mililitros\/","name":"Advancis\u00ae Omegamousse 200 mililitros - Advancis","isPartOf":{"@id":"https:\/\/advancispharma.com\/#website"},"datePublished":"2024-06-05T11:46:07+00:00","dateModified":"2026-04-03T13:00:06+00:00","description":"Advancis\u00ae Omegamousse \u00e9 um suplemento alimentar sob a forma de emuls\u00e3o, composto por \u00e1cidos gordos essenciais \u00f3mega-3","breadcrumb":{"@id":"https:\/\/advancispharma.com\/products\/omegamousse-200-mililitros\/#breadcrumb"},"inLanguage":"en-US","potentialAction":[{"@type":"ReadAction","target":["https:\/\/advancispharma.com\/products\/omegamousse-200-mililitros\/"]}]},{"@type":"BreadcrumbList","@id":"https:\/\/advancispharma.com\/products\/omegamousse-200-mililitros\/#breadcrumb","itemListElement":[{"@type":"ListItem","position":1,"name":"Home","item":"https:\/\/advancispharma.com\/"},{"@type":"ListItem","position":2,"name":"Products","item":"https:\/\/advancispharma.com\/products\/"},{"@type":"ListItem","position":3,"name":"Advancis\u00ae Omegamousse 200 mililitros"}]},{"@type":"WebSite","@id":"https:\/\/advancispharma.com\/#website","url":"https:\/\/advancispharma.com\/","name":"Advancis","description":"","potentialAction":[{"@type":"SearchAction","target":{"@type":"EntryPoint","urlTemplate":"https:\/\/advancispharma.com\/?s={search_term_string}"},"query-input":"required name=search_term_string"}],"inLanguage":"en-US"}]}},"_links":{"self":[{"href":"https:\/\/advancispharma.com\/en\/wp-json\/wp\/v2\/product\/56","targetHints":{"allow":["GET"]}}],"collection":[{"href":"https:\/\/advancispharma.com\/en\/wp-json\/wp\/v2\/product"}],"about":[{"href":"https:\/\/advancispharma.com\/en\/wp-json\/wp\/v2\/types\/product"}],"wp:featuredmedia":[{"embeddable":true,"href":"https:\/\/advancispharma.com\/en\/wp-json\/wp\/v2\/media\/812"}],"wp:attachment":[{"href":"https:\/\/advancispharma.com\/en\/wp-json\/wp\/v2\/media?parent=56"}],"wp:term":[{"taxonomy":"gama","embeddable":true,"href":"https:\/\/advancispharma.com\/en\/wp-json\/wp\/v2\/gama?post=56"},{"taxonomy":"tipo-de-produto","embeddable":true,"href":"https:\/\/advancispharma.com\/en\/wp-json\/wp\/v2\/tipo-de-produto?post=56"},{"taxonomy":"faixa-etaria","embeddable":true,"href":"https:\/\/advancispharma.com\/en\/wp-json\/wp\/v2\/faixa-etaria?post=56"},{"taxonomy":"necessidade","embeddable":true,"href":"https:\/\/advancispharma.com\/en\/wp-json\/wp\/v2\/necessidade?post=56"},{"taxonomy":"cuidado-especifico","embeddable":true,"href":"https:\/\/advancispharma.com\/en\/wp-json\/wp\/v2\/cuidado-especifico?post=56"}],"curies":[{"name":"wp","href":"https:\/\/api.w.org\/{rel}","templated":true}]}}